{"id":7107,"date":"2021-05-20T10:19:53","date_gmt":"2021-05-20T08:19:53","guid":{"rendered":"https:\/\/blog.backwinkel.de\/?page_id=7107"},"modified":"2021-05-21T08:00:41","modified_gmt":"2021-05-21T06:00:41","slug":"kontakt","status":"publish","type":"page","link":"https:\/\/www.backwinkel.de\/blog\/kontakt\/","title":{"rendered":"Kontakt"},"content":{"rendered":"\n<style type=\"text\/css\" data-created_by=\"avia_inline_auto\" id=\"style-css-av-jlncnyhk-6ccc0dd8c838293044135daf32c0c0e2\">\n.avia-section.av-jlncnyhk-6ccc0dd8c838293044135daf32c0c0e2{\nbackground-color:#f1f3d0;\nbackground-image:unset;\n}\n<\/style>\n<div id='av_section_1'  class='avia-section av-jlncnyhk-6ccc0dd8c838293044135daf32c0c0e2 main_color avia-section-default avia-shadow  avia-builder-el-0  el_before_av_one_full  avia-builder-el-first  avia-bg-style-scroll av-minimum-height av-minimum-height-custom av-height-custom  container_wrap sidebar_right'   data-av_minimum_height_px='100'><div class='container av-section-cont-open' style='height:100px'><main  class='template-page content  av-content-small alpha units'><div class='post-entry post-entry-type-page post-entry-7107'><div class='entry-content-wrapper clearfix'>\n<div class='flex_column_table av-jlncrpja-e3973d4601f2be1862c535d46fdfb191 sc-av_one_full av-equal-height-column-flextable'>\n<style type=\"text\/css\" data-created_by=\"avia_inline_auto\" id=\"style-css-av-jlncrpja-e3973d4601f2be1862c535d46fdfb191\">\n.flex_column.av-jlncrpja-e3973d4601f2be1862c535d46fdfb191{\nborder-radius:0px 0px 0px 0px;\npadding:0px 0px 0px 0px;\n}\n<\/style>\n<div  class='flex_column av-jlncrpja-e3973d4601f2be1862c535d46fdfb191 av_one_full  avia-builder-el-1  avia-builder-el-no-sibling  first flex_column_table_cell av-equal-height-column av-align-top av-zero-column-padding  '     ><style type=\"text\/css\" data-created_by=\"avia_inline_auto\" id=\"style-css-av-jlnd0sov-3c2eaa38decb4cefde1fd5992b6df26b\">\n#top .av-special-heading.av-jlnd0sov-3c2eaa38decb4cefde1fd5992b6df26b{\npadding-bottom:0;\ncolor:#575757;\n}\nbody .av-special-heading.av-jlnd0sov-3c2eaa38decb4cefde1fd5992b6df26b .av-special-heading-tag .heading-char{\nfont-size:25px;\n}\n.av-special-heading.av-jlnd0sov-3c2eaa38decb4cefde1fd5992b6df26b .special-heading-inner-border{\nborder-color:#575757;\n}\n.av-special-heading.av-jlnd0sov-3c2eaa38decb4cefde1fd5992b6df26b .av-subheading{\nfont-size:15px;\n}\n\n@media only screen and (min-width: 480px) and (max-width: 767px){ \n#top #wrap_all .av-special-heading.av-jlnd0sov-3c2eaa38decb4cefde1fd5992b6df26b .av-special-heading-tag{\nfont-size:32px;\n}\n}\n\n@media only screen and (max-width: 479px){ \n#top #wrap_all .av-special-heading.av-jlnd0sov-3c2eaa38decb4cefde1fd5992b6df26b .av-special-heading-tag{\nfont-size:32px;\n}\n}\n<\/style>\n<div  class='av-special-heading av-jlnd0sov-3c2eaa38decb4cefde1fd5992b6df26b av-special-heading-h1 custom-color-heading blockquote modern-quote  avia-builder-el-2  avia-builder-el-no-sibling '><h1 class='av-special-heading-tag '  >KONTAKT<\/h1><div class=\"special-heading-border\"><div class=\"special-heading-inner-border\"><\/div><\/div><\/div><\/div><\/div><!--close column table wrapper. Autoclose: 1 -->\n<\/div><\/div><\/main><!-- close content main element --><\/div><\/div><div id='after_section_1'  class='main_color av_default_container_wrap container_wrap sidebar_right'  ><div class='container av-section-cont-open' ><div class='template-page content  av-content-small alpha units'><div class='post-entry post-entry-type-page post-entry-7107'><div class='entry-content-wrapper clearfix'>\n\n<style type=\"text\/css\" data-created_by=\"avia_inline_auto\" id=\"style-css-av-2c4243-110ed9b913102473ef6ddeac54fc6047\">\n.flex_column.av-2c4243-110ed9b913102473ef6ddeac54fc6047{\nborder-radius:0px 0px 0px 0px;\npadding:0px 0px 0px 0px;\n}\n<\/style>\n<div  class='flex_column av-2c4243-110ed9b913102473ef6ddeac54fc6047 av_one_full  avia-builder-el-3  el_after_av_section  el_before_av_three_fourth  avia-builder-el-first  first flex_column_div av-zero-column-padding  '     ><section  class='av_textblock_section av-kotw5c8k-57494b7e65a193a84f51d8e2235a15c7 '  ><div class='avia_textblock' ><p>Sch\u00f6n, dass Sie uns kontaktieren m\u00f6chten. Ob Lob, konstruktive Kritik, Kooperations- oder Gastbeitragsvorschl\u00e4ge, Anfragen zur Nutzung von urheberrechtlich gesch\u00fctztem Text- bzw. Bildmaterial oder Sonstiges \u2013 wir freuen uns auf Ihre Nachricht \u00fcber unser Kontaktformular und beantworten Ihr Anliegen schnellstm\u00f6glich.<\/p>\n<p>Viele Gr\u00fc\u00dfe<br \/>\nIhr BACKWINKEL-Blog-Team<\/p>\n<\/div><\/section><\/div>\n<style type=\"text\/css\" data-created_by=\"avia_inline_auto\" id=\"style-css-av-1tyjvn-7dd82e90c5bbe2186f29e2f734ed8431\">\n.flex_column.av-1tyjvn-7dd82e90c5bbe2186f29e2f734ed8431{\nborder-radius:0px 0px 0px 0px;\npadding:0px 0px 0px 0px;\n}\n<\/style>\n<div  class='flex_column av-1tyjvn-7dd82e90c5bbe2186f29e2f734ed8431 av_three_fourth  avia-builder-el-5  el_after_av_one_full  el_before_av_one_fourth  first flex_column_div av-zero-column-padding  column-top-margin'     ><section  class='av_textblock_section av-kowprpuu-3f541398346b8108d99f1a556a04abb1 '  ><div class='avia_textblock' >\n<div class=\"wpcf7 no-js\" id=\"wpcf7-f5054-o1\" lang=\"de-DE\" dir=\"ltr\" data-wpcf7-id=\"5054\">\n<div class=\"screen-reader-response\"><p role=\"status\" aria-live=\"polite\" aria-atomic=\"true\"><\/p> <ul><\/ul><\/div>\n<form action=\"\/blog\/wp-json\/wp\/v2\/pages\/7107#wpcf7-f5054-o1\" method=\"post\" class=\"wpcf7-form init\" aria-label=\"Kontaktformular\" novalidate=\"novalidate\" data-status=\"init\">\n<fieldset class=\"hidden-fields-container\"><input type=\"hidden\" name=\"_wpcf7\" value=\"5054\" \/><input type=\"hidden\" name=\"_wpcf7_version\" value=\"6.1.5\" \/><input type=\"hidden\" name=\"_wpcf7_locale\" value=\"de_DE\" \/><input type=\"hidden\" name=\"_wpcf7_unit_tag\" value=\"wpcf7-f5054-o1\" \/><input type=\"hidden\" name=\"_wpcf7_container_post\" value=\"0\" \/><input type=\"hidden\" name=\"_wpcf7_posted_data_hash\" value=\"\" \/>\n<\/fieldset>\n<p><br \/>\n<span class=\"wpcf7-form-control-wrap\" data-name=\"Vor-und\"><input size=\"40\" maxlength=\"400\" class=\"wpcf7-form-control wpcf7-text wpcf7-validates-as-required\" aria-required=\"true\" aria-invalid=\"false\" placeholder=\"Vor- und Nachname*\" value=\"\" type=\"text\" name=\"Vor-und\" \/><\/span>\n<\/p>\n<p><span id=\"wpcf7-69d9ed145d829-wrapper\" class=\"wpcf7-form-control-wrap first-name-wrap\" style=\"display:none !important; visibility:hidden !important;\"><label for=\"wpcf7-69d9ed145d829-field\" class=\"hp-message\">Bitte lasse dieses Feld leer.<\/label><input id=\"wpcf7-69d9ed145d829-field\"  class=\"wpcf7-form-control wpcf7-text\" type=\"text\" name=\"first-name\" value=\"\" size=\"40\" tabindex=\"-1\" autocomplete=\"new-password\" \/><\/span><br \/>\n<span id=\"wpcf7-69d9ed145d881-wrapper\" class=\"wpcf7-form-control-wrap last-name-wrap\" style=\"display:none !important; visibility:hidden !important;\"><label for=\"wpcf7-69d9ed145d881-field\" class=\"hp-message\">Bitte lasse dieses Feld leer.<\/label><input id=\"wpcf7-69d9ed145d881-field\"  class=\"wpcf7-form-control wpcf7-text\" type=\"text\" name=\"last-name\" value=\"\" size=\"40\" tabindex=\"-1\" autocomplete=\"new-password\" \/><\/span><br \/>\n<span id=\"wpcf7-69d9ed145d8c4-wrapper\" class=\"wpcf7-form-control-wrap email-wrap\" style=\"display:none !important; visibility:hidden !important;\"><label for=\"wpcf7-69d9ed145d8c4-field\" class=\"hp-message\">Bitte lasse dieses Feld leer.<\/label><input id=\"wpcf7-69d9ed145d8c4-field\"  class=\"wpcf7-form-control wpcf7-text\" type=\"text\" name=\"email\" value=\"\" size=\"40\" tabindex=\"-1\" autocomplete=\"new-password\" \/><\/span>\n<\/p>\n<p><br \/>\n<span class=\"wpcf7-form-control-wrap\" data-name=\"E-Mail\"><input size=\"40\" maxlength=\"400\" class=\"wpcf7-form-control wpcf7-email wpcf7-validates-as-required wpcf7-text wpcf7-validates-as-email\" aria-required=\"true\" aria-invalid=\"false\" placeholder=\"E-Mail-Adresse*\" value=\"\" type=\"email\" name=\"E-Mail\" \/><\/span>\n<\/p>\n<p><br \/>\n<span class=\"wpcf7-form-control-wrap\" data-name=\"Betreff\"><select class=\"wpcf7-form-control wpcf7-select wpcf7-validates-as-required\" aria-required=\"true\" aria-invalid=\"false\" name=\"Betreff\"><option value=\"\">&#8211; Bitte ausw\u00e4hlen &#8211;<\/option><option value=\"Lob \/ Kritik\">Lob \/ Kritik<\/option><option value=\"Kooperation \/ Gastbeitrag\">Kooperation \/ Gastbeitrag<\/option><option value=\"Nutzung von Text- oder Bildmaterial\">Nutzung von Text- oder Bildmaterial<\/option><option value=\"Sonstiges\">Sonstiges<\/option><\/select><\/span>\n<\/p>\n<p><br \/>\n<span class=\"wpcf7-form-control-wrap\" data-name=\"Nachricht\"><textarea cols=\"40\" rows=\"10\" maxlength=\"2000\" class=\"wpcf7-form-control wpcf7-textarea wpcf7-validates-as-required\" aria-required=\"true\" aria-invalid=\"false\" placeholder=\"Ihre Nachricht*\" name=\"Nachricht\"><\/textarea><\/span>\n<\/p>\n<p><span class=\"wpcf7-form-control-wrap\" data-name=\"Datenschutz\"><span class=\"wpcf7-form-control wpcf7-acceptance\"><span class=\"wpcf7-list-item\"><input type=\"checkbox\" name=\"Datenschutz\" value=\"1\" aria-invalid=\"false\" \/><\/span><\/span><\/span> Ja, ich will mit BACKWINKEL in Kontakt treten und bin mit der \u00dcbermittlung meiner Daten sowie den <a href=\"https:\/\/www.backwinkel.de\/datenschutz\/\" target=\"_blank\">Datenschutzbestimmungen<\/a> einverstanden.\n<\/p>\n<p><span class=\"wpcf7-form-control-wrap\" data-name=\"quiz-671\"><label><span class=\"wpcf7-quiz-label\">Welche Farbe haben Gurken?<\/span> <input size=\"40\" class=\"wpcf7-form-control wpcf7-quiz\" autocomplete=\"off\" aria-required=\"true\" aria-invalid=\"false\" type=\"text\" name=\"quiz-671\" \/><\/label><input type=\"hidden\" name=\"_wpcf7_quiz_answer_quiz-671\" value=\"0bc36b1c9141046ed121643577cb5032\" \/><\/span>\n<\/p>\n<p><br \/>\n<input class=\"wpcf7-form-control wpcf7-submit has-spinner\" type=\"submit\" value=\"senden\" \/>\n<\/p>\n<p style=\"text-align: left; font-size: 16px;\"><br \/>\n*Pflichtfelder\n<\/p><div class=\"wpcf7-response-output\" aria-hidden=\"true\"><\/div>\n<\/form>\n<\/div>\n\n<\/div><\/section><\/div><\/p>\n\n<style type=\"text\/css\" data-created_by=\"avia_inline_auto\" id=\"style-css-av-1gnwz-774ff84004e464f454aa0ccf6627eb87\">\n.flex_column.av-1gnwz-774ff84004e464f454aa0ccf6627eb87{\nborder-radius:0px 0px 0px 0px;\npadding:0px 0px 0px 0px;\n}\n<\/style>\n<div  class='flex_column av-1gnwz-774ff84004e464f454aa0ccf6627eb87 av_one_fourth  avia-builder-el-7  el_after_av_three_fourth  avia-builder-el-last  flex_column_div av-zero-column-padding  column-top-margin'     ><p>\n<style type=\"text\/css\" data-created_by=\"avia_inline_auto\" id=\"style-css-av-kowmknkp-8e7e668437ac54806e1576057ba6596d\">\n#top .hr.hr-invisible.av-kowmknkp-8e7e668437ac54806e1576057ba6596d{\nheight:25px;\n}\n<\/style>\n<div  class='hr av-kowmknkp-8e7e668437ac54806e1576057ba6596d hr-invisible  avia-builder-el-8  el_before_av_textblock  avia-builder-el-first '><span class='hr-inner '><span class=\"hr-inner-style\"><\/span><\/span><\/div><br \/>\n<section  class='av_textblock_section av-kowmgyie-42c56eb5a3aea370d3a99e96779d75d3 '  ><div class='avia_textblock' ><h3 style=\"text-align: left;\">Ihr Kontakt zu uns<\/h3>\n<p style=\"text-align: left;\"><strong>BACKWINKEL GmbH<br \/>\n<\/strong>Ruhrallee 5<br \/>\n45525 Hattingen<\/p>\n<p><a href=\"mailto:blog@backwinkel.de\" target=\"_blank\" rel=\"noopener\">blog@backwinkel.de<\/a><br \/>\n<a href=\"tel:0232456660\" target=\"_blank\" rel=\"noopener\">02324 5666-0<\/a><\/p>\n<\/div><\/section><\/p><\/div>\n","protected":false},"excerpt":{"rendered":"","protected":false},"author":3,"featured_media":0,"parent":0,"menu_order":0,"comment_status":"closed","ping_status":"closed","template":"","meta":{"inline_featured_image":false,"footnotes":""},"class_list":["post-7107","page","type-page","status-publish","hentry"],"yoast_head":"<!-- This site is optimized with the Yoast SEO plugin v27.3 - https:\/\/yoast.com\/product\/yoast-seo-wordpress\/ -->\n<title>Kontakt - BACKWINKEL Blog<\/title>\n<meta name=\"robots\" content=\"index, follow, max-snippet:-1, max-image-preview:large, max-video-preview:-1\" \/>\n<link rel=\"canonical\" href=\"https:\/\/www.backwinkel.de\/blog\/kontakt\/\" \/>\n<meta property=\"og:locale\" content=\"de_DE\" \/>\n<meta property=\"og:type\" content=\"article\" \/>\n<meta property=\"og:title\" content=\"Kontakt - BACKWINKEL Blog\" \/>\n<meta property=\"og:url\" content=\"https:\/\/blog.backwinkel.de\/kontakt\/\" \/>\n<meta property=\"og:site_name\" content=\"BACKWINKEL Blog\" \/>\n<meta property=\"article:modified_time\" content=\"2021-05-21T06:00:41+00:00\" \/>\n<meta name=\"twitter:card\" content=\"summary_large_image\" \/>\n<script type=\"application\/ld+json\" class=\"yoast-schema-graph\">{\"@context\":\"https:\\\/\\\/schema.org\",\"@graph\":[{\"@type\":\"WebPage\",\"@id\":\"https:\\\/\\\/blog.backwinkel.de\\\/kontakt\\\/\",\"url\":\"https:\\\/\\\/blog.backwinkel.de\\\/kontakt\\\/\",\"name\":\"Kontakt - BACKWINKEL Blog\",\"isPartOf\":{\"@id\":\"https:\\\/\\\/www.backwinkel.de\\\/blog\\\/#website\"},\"datePublished\":\"2021-05-20T08:19:53+00:00\",\"dateModified\":\"2021-05-21T06:00:41+00:00\",\"breadcrumb\":{\"@id\":\"https:\\\/\\\/blog.backwinkel.de\\\/kontakt\\\/#breadcrumb\"},\"inLanguage\":\"de\",\"potentialAction\":[{\"@type\":\"ReadAction\",\"target\":[\"https:\\\/\\\/blog.backwinkel.de\\\/kontakt\\\/\"]}]},{\"@type\":\"BreadcrumbList\",\"@id\":\"https:\\\/\\\/blog.backwinkel.de\\\/kontakt\\\/#breadcrumb\",\"itemListElement\":[{\"@type\":\"ListItem\",\"position\":1,\"name\":\"Startseite\",\"item\":\"https:\\\/\\\/www.backwinkel.de\\\/blog\\\/\"},{\"@type\":\"ListItem\",\"position\":2,\"name\":\"Kontakt\"}]},{\"@type\":\"WebSite\",\"@id\":\"https:\\\/\\\/www.backwinkel.de\\\/blog\\\/#website\",\"url\":\"https:\\\/\\\/www.backwinkel.de\\\/blog\\\/\",\"name\":\"BACKWINKEL Blog\",\"description\":\"f\u00fcr Lehrer, Erzieher und Eltern\",\"potentialAction\":[{\"@type\":\"SearchAction\",\"target\":{\"@type\":\"EntryPoint\",\"urlTemplate\":\"https:\\\/\\\/www.backwinkel.de\\\/blog\\\/?s={search_term_string}\"},\"query-input\":{\"@type\":\"PropertyValueSpecification\",\"valueRequired\":true,\"valueName\":\"search_term_string\"}}],\"inLanguage\":\"de\"}]}<\/script>\n<!-- \/ Yoast SEO plugin. -->","yoast_head_json":{"title":"Kontakt - BACKWINKEL Blog","robots":{"index":"index","follow":"follow","max-snippet":"max-snippet:-1","max-image-preview":"max-image-preview:large","max-video-preview":"max-video-preview:-1"},"canonical":"https:\/\/www.backwinkel.de\/blog\/kontakt\/","og_locale":"de_DE","og_type":"article","og_title":"Kontakt - BACKWINKEL Blog","og_url":"https:\/\/blog.backwinkel.de\/kontakt\/","og_site_name":"BACKWINKEL Blog","article_modified_time":"2021-05-21T06:00:41+00:00","twitter_card":"summary_large_image","schema":{"@context":"https:\/\/schema.org","@graph":[{"@type":"WebPage","@id":"https:\/\/blog.backwinkel.de\/kontakt\/","url":"https:\/\/blog.backwinkel.de\/kontakt\/","name":"Kontakt - BACKWINKEL Blog","isPartOf":{"@id":"https:\/\/www.backwinkel.de\/blog\/#website"},"datePublished":"2021-05-20T08:19:53+00:00","dateModified":"2021-05-21T06:00:41+00:00","breadcrumb":{"@id":"https:\/\/blog.backwinkel.de\/kontakt\/#breadcrumb"},"inLanguage":"de","potentialAction":[{"@type":"ReadAction","target":["https:\/\/blog.backwinkel.de\/kontakt\/"]}]},{"@type":"BreadcrumbList","@id":"https:\/\/blog.backwinkel.de\/kontakt\/#breadcrumb","itemListElement":[{"@type":"ListItem","position":1,"name":"Startseite","item":"https:\/\/www.backwinkel.de\/blog\/"},{"@type":"ListItem","position":2,"name":"Kontakt"}]},{"@type":"WebSite","@id":"https:\/\/www.backwinkel.de\/blog\/#website","url":"https:\/\/www.backwinkel.de\/blog\/","name":"BACKWINKEL Blog","description":"f\u00fcr Lehrer, Erzieher und Eltern","potentialAction":[{"@type":"SearchAction","target":{"@type":"EntryPoint","urlTemplate":"https:\/\/www.backwinkel.de\/blog\/?s={search_term_string}"},"query-input":{"@type":"PropertyValueSpecification","valueRequired":true,"valueName":"search_term_string"}}],"inLanguage":"de"}]}},"_links":{"self":[{"href":"https:\/\/www.backwinkel.de\/blog\/wp-json\/wp\/v2\/pages\/7107","targetHints":{"allow":["GET"]}}],"collection":[{"href":"https:\/\/www.backwinkel.de\/blog\/wp-json\/wp\/v2\/pages"}],"about":[{"href":"https:\/\/www.backwinkel.de\/blog\/wp-json\/wp\/v2\/types\/page"}],"author":[{"embeddable":true,"href":"https:\/\/www.backwinkel.de\/blog\/wp-json\/wp\/v2\/users\/3"}],"replies":[{"embeddable":true,"href":"https:\/\/www.backwinkel.de\/blog\/wp-json\/wp\/v2\/comments?post=7107"}],"version-history":[{"count":0,"href":"https:\/\/www.backwinkel.de\/blog\/wp-json\/wp\/v2\/pages\/7107\/revisions"}],"wp:attachment":[{"href":"https:\/\/www.backwinkel.de\/blog\/wp-json\/wp\/v2\/media?parent=7107"}],"curies":[{"name":"wp","href":"https:\/\/api.w.org\/{rel}","templated":true}]}}