{"id":3765,"date":"2019-10-15T09:53:45","date_gmt":"2019-10-15T07:53:45","guid":{"rendered":"https:\/\/blog.backwinkel.de\/?page_id=3765"},"modified":"2023-02-13T12:11:24","modified_gmt":"2023-02-13T11:11:24","slug":"das-team","status":"publish","type":"page","link":"https:\/\/www.backwinkel.de\/blog\/das-team\/","title":{"rendered":"Der BACKWINKEL-Blog"},"content":{"rendered":"\n<style type=\"text\/css\" data-created_by=\"avia_inline_auto\" id=\"style-css-av-2jkum-2606887877d74e45ce64a8c395328587\">\n.flex_column.av-2jkum-2606887877d74e45ce64a8c395328587{\nborder-radius:0px 0px 0px 0px;\npadding:0px 0px 0px 0px;\n}\n<\/style>\n<div  class='flex_column av-2jkum-2606887877d74e45ce64a8c395328587 av_one_full  avia-builder-el-0  el_before_av_two_third  avia-builder-el-first  first flex_column_div av-zero-column-padding  '     ><p>\n<style type=\"text\/css\" data-created_by=\"avia_inline_auto\" id=\"style-css-av-1brzy-4088c6bb1e3c6eb1321f43ffca524389\">\n#top .hr.hr-invisible.av-1brzy-4088c6bb1e3c6eb1321f43ffca524389{\nheight:10px;\n}\n<\/style>\n<div  class='hr av-1brzy-4088c6bb1e3c6eb1321f43ffca524389 hr-invisible  avia-builder-el-1  el_before_av_heading  avia-builder-el-first '><span class='hr-inner '><span class=\"hr-inner-style\"><\/span><\/span><\/div><br \/>\n\n<style type=\"text\/css\" data-created_by=\"avia_inline_auto\" id=\"style-css-av-4cmjh8-7444e1b1beb293cb38e57cbf487d4b71\">\n#top .av-special-heading.av-4cmjh8-7444e1b1beb293cb38e57cbf487d4b71{\npadding-bottom:0;\n}\nbody .av-special-heading.av-4cmjh8-7444e1b1beb293cb38e57cbf487d4b71 .av-special-heading-tag .heading-char{\nfont-size:25px;\n}\n.av-special-heading.av-4cmjh8-7444e1b1beb293cb38e57cbf487d4b71 .av-subheading{\nfont-size:15px;\n}\n<\/style>\n<div  class='av-special-heading av-4cmjh8-7444e1b1beb293cb38e57cbf487d4b71 av-special-heading-h1 blockquote modern-quote  avia-builder-el-2  el_after_av_hr  el_before_av_hr '><h1 class='av-special-heading-tag '  >Der BACKWINKEL-Blog<\/h1><div class='av-subheading av-subheading_below'><p>Ihr nachhaltiger Versandhandel BACKWINKEL bloggt jetzt auch.<\/p>\n<\/div><div class=\"special-heading-border\"><div class=\"special-heading-inner-border\"><\/div><\/div><\/div><br \/>\n\n<style type=\"text\/css\" data-created_by=\"avia_inline_auto\" id=\"style-css-av-1brzy-5-446a44beb76bab47af7b69dcc5a9cbe4\">\n#top .hr.av-1brzy-5-446a44beb76bab47af7b69dcc5a9cbe4{\nmargin-top:0px;\nmargin-bottom:0px;\n}\n.hr.av-1brzy-5-446a44beb76bab47af7b69dcc5a9cbe4 .hr-inner{\nwidth:300px;\nborder-color:#a6bb4c;\n}\n<\/style>\n<div  class='hr av-1brzy-5-446a44beb76bab47af7b69dcc5a9cbe4 hr-custom  avia-builder-el-3  el_after_av_heading  avia-builder-el-last  hr-left hr-icon-no'><span class='hr-inner inner-border-av-border-fat'><span class=\"hr-inner-style\"><\/span><\/span><\/div><\/p><\/div>\n\n<style type=\"text\/css\" data-created_by=\"avia_inline_auto\" id=\"style-css-av-4p545h-9ac7b5580611dea3caaf9f81b1ac4fe0\">\n.flex_column.av-4p545h-9ac7b5580611dea3caaf9f81b1ac4fe0{\nborder-radius:0px 0px 0px 0px;\npadding:0px 0px 0px 0px;\n}\n<\/style>\n<div  class='flex_column av-4p545h-9ac7b5580611dea3caaf9f81b1ac4fe0 av_two_third  avia-builder-el-4  el_after_av_one_full  el_before_av_one_third  first flex_column_div av-zero-column-padding  column-top-margin'     ><section  class='av_textblock_section av-2yc3jp-3a724ae74ffc5cf260394da4eaf05826 '  ><div class='avia_textblock' ><p>Wieso eigentlich und warum \u00fcberhaupt?<\/p>\n<p>Weil sich \u2013 unserem Motto LACHEN LEBEN LERNEN entsprechend \u2013 bei uns alles um das Thema Bildung im Kindergarten, der Schule und zu Hause dreht. Durch unsere Kataloge und unseren Onlineshop wissen Sie l\u00e4ngst, dass Sie bei uns Inspirationen zum Ausstatten Ihrer R\u00e4umlichkeiten z. B. mit Tischen, St\u00fchlen, Lernmaterialien und Medienger\u00e4ten finden, die die Bildung Ihrer Kinder unterst\u00fctzen.<\/p>\n<p>Und was m\u00f6chten wir Ihnen dann mit unserem Blog liefern?<\/p>\n<p>In erster Linie wollen wir mit Ihnen in Kontakt treten und Ihnen die M\u00f6glichkeit geben, BACKWINKEL noch besser kennenzulernen. Schlie\u00dflich will man doch wissen, bei wem man einkauft ?.<\/p>\n<p>Mit lesenswerten Beitr\u00e4gen m\u00f6chten wir Ihnen zeigen, dass wir Bildung auch von Ihrem Standpunkt aus betrachten. F\u00fcr uns ist Bildung ebenfalls nicht nur qualitativ \u00fcberzeugendes Mobiliar und wertiges Lernmaterial, sondern etwas Nachhaltiges, das am besten in einem durchdachten Lebensraum w\u00e4chst.<\/p>\n<\/div><\/section><\/div>\n\n<style type=\"text\/css\" data-created_by=\"avia_inline_auto\" id=\"style-css-av-30vkrg-4-a08d46d6d1b2b711bcf7d3994bd7f172\">\n.flex_column.av-30vkrg-4-a08d46d6d1b2b711bcf7d3994bd7f172{\nborder-radius:0px 0px 0px 0px;\npadding:0px 0px 0px 0px;\n}\n<\/style>\n<div  class='flex_column av-30vkrg-4-a08d46d6d1b2b711bcf7d3994bd7f172 av_one_third  avia-builder-el-6  el_after_av_two_third  el_before_av_one_full  flex_column_div av-zero-column-padding  column-top-margin'     ><style type=\"text\/css\" data-created_by=\"avia_inline_auto\" id=\"style-css-av-jnbnnel4-0387b1eefdcb3ae8f53f3a103bb7d43c\">\n.avia-image-container.av-jnbnnel4-0387b1eefdcb3ae8f53f3a103bb7d43c img.avia_image{\nbox-shadow:none;\n}\n.avia-image-container.av-jnbnnel4-0387b1eefdcb3ae8f53f3a103bb7d43c .av-image-caption-overlay-center{\ncolor:#ffffff;\n}\n<\/style>\n<div  class='avia-image-container av-jnbnnel4-0387b1eefdcb3ae8f53f3a103bb7d43c av-styling- avia-align-center  avia-builder-el-7  avia-builder-el-no-sibling '  ><div class=\"avia-image-container-inner\"><div class=\"avia-image-overlay-wrap\"><img decoding=\"async\" fetchpriority=\"high\" class='wp-image-1980 avia-img-lazy-loading-not-1980 avia_image ' src=\"https:\/\/www.backwinkel.de\/blog\/wp-content\/uploads\/2018\/10\/backwinkel-blog-autorenbox-intern_preview.jpg\" alt='' title='backwinkel-blog-autorenbox-intern_preview'  height=\"386\" width=\"584\" srcset=\"https:\/\/www.backwinkel.de\/blog\/wp-content\/uploads\/2018\/10\/backwinkel-blog-autorenbox-intern_preview.jpg 584w, https:\/\/www.backwinkel.de\/blog\/wp-content\/uploads\/2018\/10\/backwinkel-blog-autorenbox-intern_preview-300x198.jpg 300w, https:\/\/www.backwinkel.de\/blog\/wp-content\/uploads\/2018\/10\/backwinkel-blog-autorenbox-intern_preview-450x297.jpg 450w\" sizes=\"(max-width: 584px) 100vw, 584px\" \/><\/div><\/div><\/div><\/div>\n\n<style type=\"text\/css\" data-created_by=\"avia_inline_auto\" id=\"style-css-av-2gw1zg-047c2e0e4cf233279496300d942b398f\">\n.flex_column.av-2gw1zg-047c2e0e4cf233279496300d942b398f{\nborder-radius:0px 0px 0px 0px;\npadding:0px 0px 0px 0px;\n}\n<\/style>\n<div  class='flex_column av-2gw1zg-047c2e0e4cf233279496300d942b398f av_one_full  avia-builder-el-8  el_after_av_one_third  avia-builder-el-last  first flex_column_div av-zero-column-padding  column-top-margin'     ><section  class='av_textblock_section av-jmk94reh-3-497140d7fced3e4fe86929bfbc8455d3 '  ><div class='avia_textblock' ><p>Nat\u00fcrlich wissen Sie, dass es dazu unglaublich viel und noch mehr zu sagen gibt. Diesem Viel und Mehr wollen wir mit unserem Blog Raum bieten. Unsere Artikel entstehen durch unser eigenes Blog-Team. Nutzen Sie unsere Beitr\u00e4ge gern als (erste) Informationsquelle oder auch zum Herantasten an ein Thema, mit dem Sie sich vielleicht sp\u00e4ter noch ausf\u00fchrlicher besch\u00e4ftigen m\u00f6chten.<\/p>\n<p>Wie Sie uns kontaktieren k\u00f6nnen?<br \/>\nSchreiben Sie uns gern an: <a href=\"mailto:blog@backwinkel.de\">blog@backwinkel.de<\/a><\/p>\n<p>Auf Ihre R\u00fcckmeldungen und konstruktiven Anregungen sind wir sehr gespannt und bedanken uns schon jetzt herzlich daf\u00fcr.<\/p>\n<p>Viel Spa\u00df im BACKWINKEL-Blog und beim LACHEN LESEN LERNEN.<\/p>\n<\/div><\/section><\/div>\n","protected":false},"excerpt":{"rendered":"","protected":false},"author":3,"featured_media":0,"parent":0,"menu_order":0,"comment_status":"closed","ping_status":"closed","template":"","meta":{"inline_featured_image":false,"footnotes":""},"class_list":["post-3765","page","type-page","status-publish","hentry"],"yoast_head":"<!-- This site is optimized with the Yoast SEO plugin v27.5 - https:\/\/yoast.com\/product\/yoast-seo-wordpress\/ -->\n<title>Der BACKWINKEL-Blog - BACKWINKEL Blog<\/title>\n<meta name=\"robots\" content=\"index, follow, max-snippet:-1, max-image-preview:large, max-video-preview:-1\" \/>\n<link rel=\"canonical\" href=\"https:\/\/www.backwinkel.de\/blog\/das-team\/\" \/>\n<meta property=\"og:locale\" content=\"de_DE\" \/>\n<meta property=\"og:type\" content=\"article\" \/>\n<meta property=\"og:title\" content=\"Der BACKWINKEL-Blog - BACKWINKEL Blog\" \/>\n<meta property=\"og:url\" content=\"https:\/\/www.backwinkel.de\/blog\/das-team\/\" \/>\n<meta property=\"og:site_name\" content=\"BACKWINKEL Blog\" \/>\n<meta property=\"article:modified_time\" content=\"2023-02-13T11:11:24+00:00\" \/>\n<meta name=\"twitter:card\" content=\"summary_large_image\" \/>\n<meta name=\"twitter:label1\" content=\"Gesch\u00e4tzte Lesezeit\" \/>\n\t<meta name=\"twitter:data1\" content=\"4\u00a0Minuten\" \/>\n<script type=\"application\/ld+json\" class=\"yoast-schema-graph\">{\"@context\":\"https:\\\/\\\/schema.org\",\"@graph\":[{\"@type\":\"WebPage\",\"@id\":\"https:\\\/\\\/www.backwinkel.de\\\/blog\\\/das-team\\\/\",\"url\":\"https:\\\/\\\/www.backwinkel.de\\\/blog\\\/das-team\\\/\",\"name\":\"Der BACKWINKEL-Blog - BACKWINKEL Blog\",\"isPartOf\":{\"@id\":\"https:\\\/\\\/www.backwinkel.de\\\/blog\\\/#website\"},\"datePublished\":\"2019-10-15T07:53:45+00:00\",\"dateModified\":\"2023-02-13T11:11:24+00:00\",\"breadcrumb\":{\"@id\":\"https:\\\/\\\/www.backwinkel.de\\\/blog\\\/das-team\\\/#breadcrumb\"},\"inLanguage\":\"de\",\"potentialAction\":[{\"@type\":\"ReadAction\",\"target\":[\"https:\\\/\\\/www.backwinkel.de\\\/blog\\\/das-team\\\/\"]}]},{\"@type\":\"BreadcrumbList\",\"@id\":\"https:\\\/\\\/www.backwinkel.de\\\/blog\\\/das-team\\\/#breadcrumb\",\"itemListElement\":[{\"@type\":\"ListItem\",\"position\":1,\"name\":\"Startseite\",\"item\":\"https:\\\/\\\/blog.backwinkel.de\\\/aktuelles\\\/\"},{\"@type\":\"ListItem\",\"position\":2,\"name\":\"Der BACKWINKEL-Blog\"}]},{\"@type\":\"WebSite\",\"@id\":\"https:\\\/\\\/www.backwinkel.de\\\/blog\\\/#website\",\"url\":\"https:\\\/\\\/www.backwinkel.de\\\/blog\\\/\",\"name\":\"BACKWINKEL Blog\",\"description\":\"f\u00fcr Lehrer, Erzieher und Eltern\",\"potentialAction\":[{\"@type\":\"SearchAction\",\"target\":{\"@type\":\"EntryPoint\",\"urlTemplate\":\"https:\\\/\\\/www.backwinkel.de\\\/blog\\\/?s={search_term_string}\"},\"query-input\":{\"@type\":\"PropertyValueSpecification\",\"valueRequired\":true,\"valueName\":\"search_term_string\"}}],\"inLanguage\":\"de\"}]}<\/script>\n<!-- \/ Yoast SEO plugin. -->","yoast_head_json":{"title":"Der BACKWINKEL-Blog - BACKWINKEL Blog","robots":{"index":"index","follow":"follow","max-snippet":"max-snippet:-1","max-image-preview":"max-image-preview:large","max-video-preview":"max-video-preview:-1"},"canonical":"https:\/\/www.backwinkel.de\/blog\/das-team\/","og_locale":"de_DE","og_type":"article","og_title":"Der BACKWINKEL-Blog - BACKWINKEL Blog","og_url":"https:\/\/www.backwinkel.de\/blog\/das-team\/","og_site_name":"BACKWINKEL Blog","article_modified_time":"2023-02-13T11:11:24+00:00","twitter_card":"summary_large_image","twitter_misc":{"Gesch\u00e4tzte Lesezeit":"4\u00a0Minuten"},"schema":{"@context":"https:\/\/schema.org","@graph":[{"@type":"WebPage","@id":"https:\/\/www.backwinkel.de\/blog\/das-team\/","url":"https:\/\/www.backwinkel.de\/blog\/das-team\/","name":"Der BACKWINKEL-Blog - BACKWINKEL Blog","isPartOf":{"@id":"https:\/\/www.backwinkel.de\/blog\/#website"},"datePublished":"2019-10-15T07:53:45+00:00","dateModified":"2023-02-13T11:11:24+00:00","breadcrumb":{"@id":"https:\/\/www.backwinkel.de\/blog\/das-team\/#breadcrumb"},"inLanguage":"de","potentialAction":[{"@type":"ReadAction","target":["https:\/\/www.backwinkel.de\/blog\/das-team\/"]}]},{"@type":"BreadcrumbList","@id":"https:\/\/www.backwinkel.de\/blog\/das-team\/#breadcrumb","itemListElement":[{"@type":"ListItem","position":1,"name":"Startseite","item":"https:\/\/blog.backwinkel.de\/aktuelles\/"},{"@type":"ListItem","position":2,"name":"Der BACKWINKEL-Blog"}]},{"@type":"WebSite","@id":"https:\/\/www.backwinkel.de\/blog\/#website","url":"https:\/\/www.backwinkel.de\/blog\/","name":"BACKWINKEL Blog","description":"f\u00fcr Lehrer, Erzieher und Eltern","potentialAction":[{"@type":"SearchAction","target":{"@type":"EntryPoint","urlTemplate":"https:\/\/www.backwinkel.de\/blog\/?s={search_term_string}"},"query-input":{"@type":"PropertyValueSpecification","valueRequired":true,"valueName":"search_term_string"}}],"inLanguage":"de"}]}},"_links":{"self":[{"href":"https:\/\/www.backwinkel.de\/blog\/wp-json\/wp\/v2\/pages\/3765","targetHints":{"allow":["GET"]}}],"collection":[{"href":"https:\/\/www.backwinkel.de\/blog\/wp-json\/wp\/v2\/pages"}],"about":[{"href":"https:\/\/www.backwinkel.de\/blog\/wp-json\/wp\/v2\/types\/page"}],"author":[{"embeddable":true,"href":"https:\/\/www.backwinkel.de\/blog\/wp-json\/wp\/v2\/users\/3"}],"replies":[{"embeddable":true,"href":"https:\/\/www.backwinkel.de\/blog\/wp-json\/wp\/v2\/comments?post=3765"}],"version-history":[{"count":0,"href":"https:\/\/www.backwinkel.de\/blog\/wp-json\/wp\/v2\/pages\/3765\/revisions"}],"wp:attachment":[{"href":"https:\/\/www.backwinkel.de\/blog\/wp-json\/wp\/v2\/media?parent=3765"}],"curies":[{"name":"wp","href":"https:\/\/api.w.org\/{rel}","templated":true}]}}